{"id":11,"date":"2014-11-11T11:14:05","date_gmt":"2014-11-11T11:14:05","guid":{"rendered":"http:\/\/anpsthemes.com\/constructo\/?page_id=11"},"modified":"2020-10-12T20:36:19","modified_gmt":"2020-10-12T18:36:19","slug":"accueil","status":"publish","type":"page","link":"https:\/\/vigidev.fr\/","title":{"rendered":"Accueil"},"content":{"rendered":"<p>[vc_row css=\u00a0\u00bb.vc_custom_1564401639893{margin-top: -60px !important;}\u00a0\u00bb el_class=\u00a0\u00bbmymainslider\u00a0\u00bb][vc_column el_class=\u00a0\u00bbmymainslider\u00a0\u00bb][rev_slider_vc alias=\u00a0\u00bbmain-slider\u00a0\u00bb el_class=\u00a0\u00bbmymainslider\u00a0\u00bb][\/vc_column][\/vc_row][vc_row][vc_column][vc_row_inner][vc_column_inner][vc_empty_space height=\u00a0\u00bb60px\u00a0\u00bb][\/vc_column_inner][\/vc_row_inner][vc_row_inner][vc_column_inner css=\u00a0\u00bb.vc_custom_1563922037532{margin-top: -30px !important;}\u00a0\u00bb][vc_column_text]<\/p>\n<div style=\"text-align: center;\"><img loading=\"lazy\" class=\"aligncenter wp-image-1747\" src=\"https:\/\/vigidev.fr\/wp-content\/uploads\/2014\/11\/3-cercle-dimages-page-daccueil-1-1024x311.png\" alt=\"vigidev.fr\" width=\"805\" height=\"245\" srcset=\"https:\/\/vigidev.fr\/wp-content\/uploads\/2014\/11\/3-cercle-dimages-page-daccueil-1-1024x311.png 1024w, https:\/\/vigidev.fr\/wp-content\/uploads\/2014\/11\/3-cercle-dimages-page-daccueil-1-300x91.png 300w, https:\/\/vigidev.fr\/wp-content\/uploads\/2014\/11\/3-cercle-dimages-page-daccueil-1-768x234.png 768w, https:\/\/vigidev.fr\/wp-content\/uploads\/2014\/11\/3-cercle-dimages-page-daccueil-1-370x113.png 370w, https:\/\/vigidev.fr\/wp-content\/uploads\/2014\/11\/3-cercle-dimages-page-daccueil-1-1200x365.png 1200w, https:\/\/vigidev.fr\/wp-content\/uploads\/2014\/11\/3-cercle-dimages-page-daccueil-1-360x110.png 360w\" sizes=\"(max-width: 805px) 100vw, 805px\" \/><\/div>\n<p>[\/vc_column_text][vc_column_text css=\u00a0\u00bb.vc_custom_1523153615549{background-color: rgba(255,255,255,0.01) !important;*background-color: rgb(255,255,255) !important;}\u00a0\u00bb]<\/p>\n<table class=\"accueilslidertable\" align=\"center\">\n<tbody>\n<tr>\n<td class=\"accueilstitre\">\u00a0A PROPOS DE <a href=\"https:\/\/vigidev.fr\">VIGIDEV<\/a><\/td>\n<\/tr>\n<tr>\n<td class=\"accueil_normal_txt\">La soci\u00e9t\u00e9 <a href=\"https:\/\/vigidev.fr\">VIGIDEV<\/a>, existe depuis 2000 et a vu le jour en 2009 en r\u00e9gion parisienne en tant que sp\u00e9cialiste de la s\u00fbret\u00e9.<\/td>\n<\/tr>\n<tr>\n<td class=\"accueil_normal_txt\">Au cours de cette phase d&rsquo;une dizaine d&rsquo;ann\u00e9es (de 2000 \u00e0 2009), l&rsquo;\u00e9quipe a principalement travaill\u00e9 dans l&rsquo;ombre de ses distributeurs.<br \/>\nDepuis 2009, nos produits ont montr\u00e9 leur fiabilit\u00e9 dans tous types de sc\u00e9narios !<br \/>\nNotre gamme de produits est hautement <b>s\u00e9curis\u00e9e<\/b> et adapt\u00e9e \u00e0 toutes vos attentes pour un syst\u00e8me de s\u00fbret\u00e9 globale et renforc\u00e9e.<br \/>\nNos produits et notre <a href=\"https:\/\/vigidev.fr\/?page_id=1825\"><b>logiciel de supervision Octopus<\/b><\/a> innovants sont con\u00e7us pour vous accompagner sur le long terme: explorez notre page \u00ab\u00a0<a href=\"https:\/\/vigidev.fr\/?page_id=2797\"><b>Nos Produits<\/b><\/a>\u00a0\u00bb afin de vous familiariser avec notre offre.<\/td>\n<\/tr>\n<\/tbody>\n<\/table>\n<p>[\/vc_column_text][\/vc_column_inner][\/vc_row_inner][vc_column_text]<!-- \/wp:html --><\/p>\n<!-- wp:paragraph -->[\/vc_column_text][\/vc_column][\/vc_row][vc_row][vc_column][vc_column_text]<!-- \/wp:paragraph -->\n<!-- wp:paragraph -->[\/vc_column_text][\/vc_column][\/vc_row][vc_row css=\u00a0\u00bb.vc_custom_1510422660099{border-radius: 35px !important;}\u00a0\u00bb][vc_column][rev_slider_vc alias=\u00a0\u00bbslider_accueil_bottom450&Prime;][\/vc_column][\/vc_row][vc_row][vc_column][vc_column_text]<!-- \/wp:paragraph -->\n<!-- wp:paragraph -->[\/vc_column_text][\/vc_column][\/vc_row][vc_row][vc_column][vc_column_text]<!-- \/wp:paragraph -->\n<p><!-- wp:html -->[\/vc_column_text][\/vc_column][\/vc_row][vc_row][vc_column][vc_column_text]<\/p>\n<div style=\"text-align: center;\"><img loading=\"lazy\" class=\"alignnone wp-image-1951\" src=\"https:\/\/vigidev.fr\/wp-content\/uploads\/2014\/11\/formation-site-internzetbis-1-1024x325.png\" alt=\"vigidev.fr\" width=\"653\" height=\"207\" srcset=\"https:\/\/vigidev.fr\/wp-content\/uploads\/2014\/11\/formation-site-internzetbis-1-1024x325.png 1024w, https:\/\/vigidev.fr\/wp-content\/uploads\/2014\/11\/formation-site-internzetbis-1-300x95.png 300w, https:\/\/vigidev.fr\/wp-content\/uploads\/2014\/11\/formation-site-internzetbis-1-768x244.png 768w, https:\/\/vigidev.fr\/wp-content\/uploads\/2014\/11\/formation-site-internzetbis-1-370x117.png 370w, https:\/\/vigidev.fr\/wp-content\/uploads\/2014\/11\/formation-site-internzetbis-1-1200x381.png 1200w, https:\/\/vigidev.fr\/wp-content\/uploads\/2014\/11\/formation-site-internzetbis-1-360x114.png 360w, https:\/\/vigidev.fr\/wp-content\/uploads\/2014\/11\/formation-site-internzetbis-1.png 1518w\" sizes=\"(max-width: 653px) 100vw, 653px\" \/><\/div>\n<p>[\/vc_column_text][\/vc_column][\/vc_row][vc_row][vc_column][vc_column_text]<!-- \/wp:html --><\/p>\n<p><!-- wp:paragraph -->[\/vc_column_text][vc_column_text]<\/p>\n<table class=\"accueilslidertable\" align=\"center\">\n<tbody>\n<tr>\n<td class=\"accueil_normal_txt\">Nous proposons aux professionnels une formation compl\u00e8te ou sp\u00e9cifique selon votre convenance, d\u00e9di\u00e9e en grande partie au syst\u00e8me de s\u00fbret\u00e9 afin de vous familiarisez plus en profondeur avec nos produits de s\u00fbret\u00e9 en faisant r\u00e9f\u00e9rence :<\/td>\n<\/tr>\n<tr>\n<td class=\"accueil_normal_txt\"><img loading=\"lazy\" class=\"aligncenter wp-image-1767\" src=\"https:\/\/vigidev.fr\/wp-content\/uploads\/2014\/11\/control..-1024x33.png\" alt=\"vigidev.fr\" width=\"1024\" height=\"33\" srcset=\"https:\/\/vigidev.fr\/wp-content\/uploads\/2014\/11\/control..-1024x33.png 1024w, https:\/\/vigidev.fr\/wp-content\/uploads\/2014\/11\/control..-300x10.png 300w, https:\/\/vigidev.fr\/wp-content\/uploads\/2014\/11\/control..-768x25.png 768w, https:\/\/vigidev.fr\/wp-content\/uploads\/2014\/11\/control..-370x12.png 370w, https:\/\/vigidev.fr\/wp-content\/uploads\/2014\/11\/control..-1200x38.png 1200w, https:\/\/vigidev.fr\/wp-content\/uploads\/2014\/11\/control..-360x12.png 360w\" sizes=\"(max-width: 1024px) 100vw, 1024px\" \/><\/td>\n<\/tr>\n<\/tbody>\n<\/table>\n<p>[\/vc_column_text][\/vc_column][\/vc_row][vc_row][vc_column][vc_column_text]<!-- \/wp:paragraph --><\/p>\n<p><!-- wp:paragraph -->[\/vc_column_text][\/vc_column][\/vc_row][vc_row][vc_column][vc_separator][\/vc_column][\/vc_row][vc_row has_content=\u00a0\u00bbinside\u00a0\u00bb css=\u00a0\u00bb.vc_custom_1564223796630{padding-top: 5px !important;padding-right: 50px !important;padding-bottom: 5px !important;padding-left: 50px !important;background-image: url(https:\/\/vigidev.fr\/wp-content\/uploads\/2014\/11\/Sans-titre-12.jpg?id=1946) !important;background-position: center !important;background-repeat: no-repeat !important;background-size: cover !important;}\u00a0\u00bb el_class=\u00a0\u00bbarriere_plan2&Prime; el_id=\u00a0\u00bbplan2&Prime;][vc_column css=\u00a0\u00bb.vc_custom_1495549919848{background-position: center !important;background-repeat: no-repeat !important;background-size: cover !important;}\u00a0\u00bb][vc_text_separator title=\u00a0\u00bbDISPOSITIF DE LECTURE DE BADGES\u00a0\u00bb css=\u00a0\u00bb.vc_custom_1493105456053{margin-top: 20px !important;}\u00a0\u00bb]<div class='logos logos--style-1'><div class='logos__item'><a class='logos__wrap' href='https:\/\/www.uundz.com\/page\/?L=2' target='_blank'><img class='logos__image' src='https:\/\/vigidev.fr\/wp-content\/uploads\/2014\/11\/uzbis.png' alt='Uhlmann&amp;Zacher'><div class='logos__hover'><img src='https:\/\/vigidev.fr\/wp-content\/uploads\/2014\/11\/uzbis.png' alt=''><\/div><\/a><\/div><div class='logos__item'><a class='logos__wrap' href='https:\/\/www.hidglobal.com\/' target='_blank'><img class='logos__image' src='https:\/\/vigidev.fr\/wp-content\/uploads\/2014\/11\/HID-1.png' alt='hidglobal'><div class='logos__hover'><img src='https:\/\/vigidev.fr\/wp-content\/uploads\/2014\/11\/HID-1.png' alt=''><\/div><\/a><\/div><div class='logos__item'><a class='logos__wrap' href='https:\/\/stid.com\/' target='_blank'><img class='logos__image' src='https:\/\/vigidev.fr\/wp-content\/uploads\/2014\/11\/STID.png' alt='Stid'><div class='logos__hover'><img src='https:\/\/vigidev.fr\/wp-content\/uploads\/2014\/11\/STID.png' alt=''><\/div><\/a><\/div><div class='logos__item'><a class='logos__wrap' href='https:\/\/www.prastel.com\/' target='_blank'><img class='logos__image' src='https:\/\/vigidev.fr\/wp-content\/uploads\/2014\/11\/PRASTEL.png' alt='Prastel'><div class='logos__hover'><img src='https:\/\/vigidev.fr\/wp-content\/uploads\/2014\/11\/PRASTEL.png' alt=''><\/div><\/a><\/div><div class='logos__item'><a class='logos__wrap' href='https:\/\/www.balogh-rfid.com\/en\/' target='_blank'><img class='logos__image' src='https:\/\/vigidev.fr\/wp-content\/uploads\/2014\/11\/balogh.png' alt='Balogh'><div class='logos__hover'><img src='https:\/\/vigidev.fr\/wp-content\/uploads\/2014\/11\/balogh.png' alt=''><\/div><\/a><\/div><\/div>[vc_text_separator title=\u00a0\u00bbVIDEOSURVEILLANCE\u00a0\u00bb css=\u00a0\u00bb.vc_custom_1493105520099{margin-top: 15px !important;}\u00a0\u00bb]<div class='logos logos--style-1'><div class='logos__item'><a class='logos__wrap' href='https:\/\/www.hikvision.com\/fr\/' target='_blank'><img class='logos__image' src='https:\/\/vigidev.fr\/wp-content\/uploads\/2014\/11\/hikvision-1.png' alt='Hikvision'><div class='logos__hover'><img src='https:\/\/vigidev.fr\/wp-content\/uploads\/2014\/11\/hikvision-1.png' alt=''><\/div><\/a><\/div><div class='logos__item'><a class='logos__wrap' href='https:\/\/www.axis.com\/global\/fr' target='_blank'><img class='logos__image' src='https:\/\/vigidev.fr\/wp-content\/uploads\/2014\/11\/AXIS.png' alt='Axis'><div class='logos__hover'><img src='https:\/\/vigidev.fr\/wp-content\/uploads\/2014\/11\/AXIS.png' alt=''><\/div><\/a><\/div><div class='logos__item'><a class='logos__wrap' href='https:\/\/www.dahuasecurity.com\/fr\/' target='_blank'><img class='logos__image' src='https:\/\/vigidev.fr\/wp-content\/uploads\/2014\/11\/dahua-1.png' alt='Dahua'><div class='logos__hover'><img src='https:\/\/vigidev.fr\/wp-content\/uploads\/2014\/11\/dahua-1.png' alt=''><\/div><\/a><\/div><div class='logos__item'><a class='logos__wrap' href='https:\/\/security.panasonic.com\/fr\/' target='_blank'><img class='logos__image' src='https:\/\/vigidev.fr\/wp-content\/uploads\/2014\/11\/panasonic-1.png' alt='Security.Panasonic'><div class='logos__hover'><img src='https:\/\/vigidev.fr\/wp-content\/uploads\/2014\/11\/panasonic-1.png' alt=''><\/div><\/a><\/div><div class='logos__item'><a class='logos__wrap' href='https:\/\/www.genetec.com\/fr' target='_blank'><img class='logos__image' src='https:\/\/vigidev.fr\/wp-content\/uploads\/2014\/11\/logo-genetec-2.png' alt='Genetec'><div class='logos__hover'><img src='https:\/\/vigidev.fr\/wp-content\/uploads\/2014\/11\/logo-genetec-2.png' alt=''><\/div><\/a><\/div><div class='logos__item'><a class='logos__wrap' href='https:\/\/www.axxonsoft.com\/' target='_blank'><img class='logos__image' src='https:\/\/vigidev.fr\/wp-content\/uploads\/2014\/11\/axxon.png' alt='Axxon'><div class='logos__hover'><img src='https:\/\/vigidev.fr\/wp-content\/uploads\/2014\/11\/axxon.png' alt=''><\/div><\/a><\/div><\/div>[\/vc_column][\/vc_row][vc_row][vc_column][vc_column_text]<!-- \/wp:paragraph -->[\/vc_column_text][\/vc_column][\/vc_row]<\/p>\n","protected":false},"excerpt":{"rendered":"<p>[vc_row css=\u00a0\u00bb.vc_custom_1564401639893{margin-top: -60px !important;}\u00a0\u00bb el_class=\u00a0\u00bbmymainslider\u00a0\u00bb][vc_column el_class=\u00a0\u00bbmymainslider\u00a0\u00bb][rev_slider_vc alias=\u00a0\u00bbmain-slider\u00a0\u00bb el_class=\u00a0\u00bbmymainslider\u00a0\u00bb][\/vc_column][\/vc_row][vc_row][vc_column][vc_row_inner][vc_column_inner][vc_empty_space height=\u00a0\u00bb60px\u00a0\u00bb][\/vc_column_inner][\/vc_row_inner][vc_row_inner][vc_column_inner css=\u00a0\u00bb.vc_custom_1563922037532{margin-top: -30px !important;}\u00a0\u00bb][vc_column_text] [\/vc_column_text][vc_column_text css=\u00a0\u00bb.vc_custom_1523153615549{background-color: rgba(255,255,255,0.01) !important;*background-color: rgb(255,255,255) !important;}\u00a0\u00bb] \u00a0A PROPOS DE VIGIDEV La soci\u00e9t\u00e9 VIGIDEV, existe depuis 2000 et a vu le jour en 2009 en r\u00e9gion parisienne en tant&#8230;<\/p>\n","protected":false},"author":10,"featured_media":0,"parent":0,"menu_order":0,"comment_status":"closed","ping_status":"open","template":"","meta":[],"yoast_head":"<!-- This site is optimized with the Yoast SEO plugin v15.9.2 - https:\/\/yoast.com\/wordpress\/plugins\/seo\/ -->\n<title>Vigidev - Syst\u00e8mes de S\u00fbret\u00e9 - Page d&#039;Accueil - vigidev.fr<\/title>\n<meta name=\"description\" content=\"Site web vigidev.fr -- Page d&#039;accueil (pr\u00e9sentation de la soci\u00e9t\u00e9 Vigidev) -- Vigidev est un fabricant fran\u00e7ais sp\u00e9cialis\u00e9 dans la s\u00fbret\u00e9. Electronique embarqu\u00e9e - Contr\u00f4le d&#039;acc\u00e8s - Vid\u00e9osurveillance - D\u00e9tection Anti-intrusion - Armoires \u00e0 clefs - Lecture de Plaques.\" \/>\n<meta name=\"robots\" content=\"index, follow, max-snippet:-1, max-image-preview:large, max-video-preview:-1\" \/>\n<link rel=\"canonical\" href=\"http:\/\/vigidev.fr\" \/>\n<meta property=\"og:locale\" content=\"fr_FR\" \/>\n<meta property=\"og:type\" content=\"article\" \/>\n<meta property=\"og:title\" content=\"Vigidev - Syst\u00e8mes de S\u00fbret\u00e9 - Page d&#039;Accueil - vigidev.fr\" \/>\n<meta property=\"og:description\" content=\"Site web vigidev.fr -- Page d&#039;accueil (pr\u00e9sentation de la soci\u00e9t\u00e9 Vigidev) -- Vigidev est un fabricant fran\u00e7ais sp\u00e9cialis\u00e9 dans la s\u00fbret\u00e9. Electronique embarqu\u00e9e - Contr\u00f4le d&#039;acc\u00e8s - Vid\u00e9osurveillance - D\u00e9tection Anti-intrusion - Armoires \u00e0 clefs - Lecture de Plaques.\" \/>\n<meta property=\"og:url\" content=\"http:\/\/vigidev.fr\" \/>\n<meta property=\"og:site_name\" content=\"Vigidev veille \u00e0 votre s\u00e9curit\u00e9\" \/>\n<meta property=\"article:modified_time\" content=\"2020-10-12T18:36:19+00:00\" \/>\n<meta property=\"og:image\" content=\"https:\/\/vigidev.fr\/wp-content\/uploads\/2014\/11\/3-cercle-dimages-page-daccueil-1-1024x311.png\" \/>\n<meta name=\"twitter:card\" content=\"summary_large_image\" \/>\n<meta name=\"twitter:label1\" content=\"Dur\u00e9e de lecture est.\">\n\t<meta name=\"twitter:data1\" content=\"3 minutes\">\n<script type=\"application\/ld+json\" class=\"yoast-schema-graph\">{\"@context\":\"https:\/\/schema.org\",\"@graph\":[{\"@type\":\"Organization\",\"@id\":\"https:\/\/vigidev.fr\/#organization\",\"name\":\"Vigidev\",\"url\":\"https:\/\/vigidev.fr\/\",\"sameAs\":[],\"logo\":{\"@type\":\"ImageObject\",\"@id\":\"https:\/\/vigidev.fr\/#logo\",\"inLanguage\":\"fr-FR\",\"url\":\"https:\/\/vigidev.fr\/wp-content\/uploads\/2017\/11\/cropped-Logo512x512_vigidev.jpg\",\"width\":512,\"height\":512,\"caption\":\"Vigidev\"},\"image\":{\"@id\":\"https:\/\/vigidev.fr\/#logo\"}},{\"@type\":\"WebSite\",\"@id\":\"https:\/\/vigidev.fr\/#website\",\"url\":\"https:\/\/vigidev.fr\/\",\"name\":\"Vigidev veille \\u00e0 votre s\\u00e9curit\\u00e9\",\"description\":\"Cr\\u00e9ateur de syst\\u00e8mes de contr\\u00f4le d&#039;acc\\u00e8s \/ intrusion \/ vid\\u00e9osurveillance\",\"publisher\":{\"@id\":\"https:\/\/vigidev.fr\/#organization\"},\"potentialAction\":[{\"@type\":\"SearchAction\",\"target\":\"https:\/\/vigidev.fr\/?s={search_term_string}\",\"query-input\":\"required name=search_term_string\"}],\"inLanguage\":\"fr-FR\"},{\"@type\":\"ImageObject\",\"@id\":\"http:\/\/vigidev.fr#primaryimage\",\"inLanguage\":\"fr-FR\",\"url\":\"https:\/\/vigidev.fr\/wp-content\/uploads\/2014\/11\/3-cercle-dimages-page-daccueil-1.png\",\"width\":3350,\"height\":1019},{\"@type\":\"WebPage\",\"@id\":\"http:\/\/vigidev.fr#webpage\",\"url\":\"http:\/\/vigidev.fr\",\"name\":\"Vigidev - Syst\\u00e8mes de S\\u00fbret\\u00e9 - Page d'Accueil - vigidev.fr\",\"isPartOf\":{\"@id\":\"https:\/\/vigidev.fr\/#website\"},\"primaryImageOfPage\":{\"@id\":\"http:\/\/vigidev.fr#primaryimage\"},\"datePublished\":\"2014-11-11T11:14:05+00:00\",\"dateModified\":\"2020-10-12T18:36:19+00:00\",\"description\":\"Site web vigidev.fr -- Page d'accueil (pr\\u00e9sentation de la soci\\u00e9t\\u00e9 Vigidev) -- Vigidev est un fabricant fran\\u00e7ais sp\\u00e9cialis\\u00e9 dans la s\\u00fbret\\u00e9. Electronique embarqu\\u00e9e - Contr\\u00f4le d'acc\\u00e8s - Vid\\u00e9osurveillance - D\\u00e9tection Anti-intrusion - Armoires \\u00e0 clefs - Lecture de Plaques.\",\"breadcrumb\":{\"@id\":\"http:\/\/vigidev.fr#breadcrumb\"},\"inLanguage\":\"fr-FR\",\"potentialAction\":[{\"@type\":\"ReadAction\",\"target\":[\"http:\/\/vigidev.fr\"]}]},{\"@type\":\"BreadcrumbList\",\"@id\":\"http:\/\/vigidev.fr#breadcrumb\",\"itemListElement\":[{\"@type\":\"ListItem\",\"position\":1,\"item\":{\"@type\":\"WebPage\",\"@id\":\"https:\/\/vigidev.fr\/\",\"url\":\"https:\/\/vigidev.fr\/\",\"name\":\"Accueil\"}},{\"@type\":\"ListItem\",\"position\":2,\"item\":{\"@type\":\"WebPage\",\"@id\":\"https:\/\/vigidev.fr\/\",\"url\":\"https:\/\/vigidev.fr\/\",\"name\":\"Accueil\"}}]}]}<\/script>\n<!-- \/ Yoast SEO plugin. -->","_links":{"self":[{"href":"https:\/\/vigidev.fr\/index.php?rest_route=\/wp\/v2\/pages\/11"}],"collection":[{"href":"https:\/\/vigidev.fr\/index.php?rest_route=\/wp\/v2\/pages"}],"about":[{"href":"https:\/\/vigidev.fr\/index.php?rest_route=\/wp\/v2\/types\/page"}],"author":[{"embeddable":true,"href":"https:\/\/vigidev.fr\/index.php?rest_route=\/wp\/v2\/users\/10"}],"replies":[{"embeddable":true,"href":"https:\/\/vigidev.fr\/index.php?rest_route=%2Fwp%2Fv2%2Fcomments&post=11"}],"version-history":[{"count":242,"href":"https:\/\/vigidev.fr\/index.php?rest_route=\/wp\/v2\/pages\/11\/revisions"}],"predecessor-version":[{"id":3363,"href":"https:\/\/vigidev.fr\/index.php?rest_route=\/wp\/v2\/pages\/11\/revisions\/3363"}],"wp:attachment":[{"href":"https:\/\/vigidev.fr\/index.php?rest_route=%2Fwp%2Fv2%2Fmedia&parent=11"}],"curies":[{"name":"wp","href":"https:\/\/api.w.org\/{rel}","templated":true}]}}