{"id":15,"date":"2014-11-11T11:14:30","date_gmt":"2014-11-11T11:14:30","guid":{"rendered":"http:\/\/anpsthemes.com\/constructo\/?page_id=15"},"modified":"2021-03-17T22:30:14","modified_gmt":"2021-03-17T21:30:14","slug":"nous-contacter","status":"publish","type":"page","link":"https:\/\/vigidev.fr\/?page_id=15","title":{"rendered":"Nous contacter"},"content":{"rendered":"<p>[vc_row css=\u00a0\u00bb.vc_custom_1500285363847{background-image: url(https:\/\/vigidev.fr\/wp-content\/uploads\/2014\/11\/service-cli-2.jpg?id=1974) !important;background-position: center !important;background-repeat: no-repeat !important;background-size: cover !important;}\u00a0\u00bb][vc_column width=\u00a0\u00bb1\/3&Prime;][vc_empty_space height=\u00a0\u00bb15px\u00a0\u00bb][\/vc_column][vc_column width=\u00a0\u00bb1\/3&Prime;][vc_empty_space height=\u00a0\u00bb15px\u00a0\u00bb]<h4 class='heading-content  style-1' ><span>SIEGE SOCIAL<\/span><\/h4>[vc_column_text]<strong><span style=\"color: #003366;\">VIGIDEV<\/span><br \/>\n<\/strong><\/p>\n<p>3 Avenue du Marais<br \/>\nZone d&rsquo;Activit\u00e9 Les Algorithmes, B\u00e2timent Aristote<br \/>\n95100 Argenteuil<\/p>\n<p><strong>Accueil\u00a0:<\/strong> 01 39 47 22 81<br \/>\n<strong>Service commercial :<\/strong> 01 39 47 22 81<\/p>\n<p><strong>Site Web :<\/strong> <a href=\"https:\/\/vigidev.fr\">https:\/\/vigidev.fr<\/a>[\/vc_column_text][\/vc_column][vc_column width=\u00a0\u00bb1\/3&Prime;][vc_empty_space height=\u00a0\u00bb15px\u00a0\u00bb]<h4 class='heading-content  style-1' ><span>ADRESSES ELECTRONIQUES<\/span><\/h4>[vc_column_text]<strong>Service commercial national\/international :<\/strong><br \/>\n<a href=\"mailto:servicecommercial@vigidev.fr\">servicecommercial@vigidev.fr<\/a><\/p>\n<p><strong>Service technique :<\/strong><br \/>\n<a href=\"mailto:servicetechnique@vigidev.fr\">servicetechnique@vigidev.fr<\/a>[\/vc_column_text][\/vc_column][\/vc_row][vc_row][vc_column offset=\u00a0\u00bbvc_col-lg-offset-0 vc_col-lg-12 vc_col-md-offset-0 vc_col-md-12 vc_col-sm-offset-0&Prime;][vc_column_text css=\u00a0\u00bb.vc_custom_1616016599745{border-radius: 35px !important;}\u00a0\u00bb]<\/p>\n<div class=\"nouscontacter_bigdiv\">\n<table width=\"100%\" align=\"center\">\n<tbody>\n<tr>\n<td class=\"findus\">\n<p style=\"text-align: center;\"><iframe class=\"findus\" src=\"https:\/\/maps.google.com\/maps?q=3%20Avenue%20du%20Marais,%2095100%20Argenteuil&amp;t=&amp;z=17&amp;ie=UTF8&amp;iwloc=&amp;output=embed\" width=\"600\" height=\"300\" frameborder=\"0\" marginwidth=\"0\" marginheight=\"0\" scrolling=\"no\"><\/iframe><\/p>\n<p style=\"text-align: center;\"><strong>Nous trouver<\/strong><\/p>\n<\/td>\n<td>\n<table width=\"100%\" align=\"center\">\n<tbody>\n<tr>\n<td class=\"finduspix\" align=\"right\"><img class=\"finduspix\" src=\"https:\/\/vigidev.fr\/pix\/nouscontacter_argenteuil.jpg\" \/><\/td>\n<\/tr>\n<tr>\n<td class=\"finduspix\" align=\"right\"><img class=\"finduspix\" src=\"https:\/\/vigidev.fr\/pix\/nouscontacter_mail.jpg\" \/><\/td>\n<\/tr>\n<\/tbody>\n<\/table>\n<\/td>\n<\/tr>\n<\/tbody>\n<\/table>\n<\/div>\n<div class=\"nouscontacter_smalldiv\">\n<p style=\"text-align: center;\"><iframe class=\"findus\" src=\"https:\/\/maps.google.com\/maps?q=3%20Avenue%20du%20Marais,%2095100%20Argenteuil&amp;t=&amp;z=17&amp;ie=UTF8&amp;iwloc=&amp;output=embed\" width=\"600\" height=\"300\" frameborder=\"0\" marginwidth=\"0\" marginheight=\"0\" scrolling=\"no\"><\/iframe><\/p>\n<p style=\"text-align: center;\"><strong>Nous trouver<\/strong><\/p>\n<table align=\"center\">\n<tbody>\n<tr>\n<td align=\"center\" width=\"50%\"><img class=\"finduspix\" src=\"https:\/\/vigidev.fr\/pix\/nouscontacter_argenteuil.jpg\" \/><\/td>\n<td align=\"center\" width=\"50%\"><img class=\"finduspix\" src=\"https:\/\/vigidev.fr\/pix\/nouscontacter_mail.jpg\" \/><\/td>\n<\/tr>\n<\/tbody>\n<\/table>\n<\/div>\n<p>[\/vc_column_text][\/vc_column][\/vc_row][vc_row css=\u00a0\u00bb.vc_custom_1418807519392{margin-top: 20px !important;}\u00a0\u00bb][vc_column]<h5 class='heading-content  style-1' ><span>NOUS ECRIRE<\/span><\/h5>[vc_empty_space height=\u00a0\u00bb15px\u00a0\u00bb]<div role=\"form\" class=\"wpcf7\" id=\"wpcf7-f3354-o1\" lang=\"fr-FR\" dir=\"ltr\">\n<div class=\"screen-reader-response\"><p role=\"status\" aria-live=\"polite\" aria-atomic=\"true\"><\/p> <ul><\/ul><\/div>\n<form action=\"\/index.php?rest_route=%2Fwp%2Fv2%2Fpages%2F15#wpcf7-f3354-o1\" method=\"post\" class=\"wpcf7-form init\" novalidate=\"novalidate\" data-status=\"init\">\n<div style=\"display: none;\">\n<input type=\"hidden\" name=\"_wpcf7\" value=\"3354\" \/>\n<input type=\"hidden\" name=\"_wpcf7_version\" value=\"5.4.2\" \/>\n<input type=\"hidden\" name=\"_wpcf7_locale\" value=\"fr_FR\" \/>\n<input type=\"hidden\" name=\"_wpcf7_unit_tag\" value=\"wpcf7-f3354-o1\" \/>\n<input type=\"hidden\" name=\"_wpcf7_container_post\" value=\"0\" \/>\n<input type=\"hidden\" name=\"_wpcf7_posted_data_hash\" value=\"\" \/>\n<input type=\"hidden\" name=\"_wpcf7_recaptcha_response\" value=\"\" \/>\n<\/div>\n<table cellpadding=0 cellspacing=0>\n<tr>\n<td valign=top><label> Votre nom (obligatoire) <span class=\"wpcf7-form-control-wrap your-name\"><input type=\"text\" name=\"your-name\" value=\"\" size=\"40\" class=\"wpcf7-form-control wpcf7-text wpcf7-validates-as-required\" aria-required=\"true\" aria-invalid=\"false\" \/><\/span> <\/label><br \/>\n<label> Votre adresse de messagerie (obligatoire) <span class=\"wpcf7-form-control-wrap your-email\"><input type=\"email\" name=\"your-email\" value=\"\" size=\"40\" class=\"wpcf7-form-control wpcf7-text wpcf7-email wpcf7-validates-as-required wpcf7-validates-as-email\" aria-required=\"true\" aria-invalid=\"false\" \/><\/span> <\/label><br \/>\n<label> Objet <span class=\"wpcf7-form-control-wrap your-subject\"><input type=\"text\" name=\"your-subject\" value=\"\" size=\"40\" class=\"wpcf7-form-control wpcf7-text\" aria-invalid=\"false\" \/><\/span> <\/label><\/td>\n<td  valign=top><label> Votre message <span class=\"wpcf7-form-control-wrap your-message\"><textarea name=\"your-message\" cols=\"40\" rows=\"10\" class=\"wpcf7-form-control wpcf7-textarea\" aria-invalid=\"false\"><\/textarea><\/span> <\/label><br \/>\n<input type=\"submit\" value=\"Envoyer\" class=\"wpcf7-form-control wpcf7-submit\" \/>\n<\/td>\n<\/tr>\n<\/table>\n<p style=\"display: none !important;\"><label>&#916;<textarea name=\"_wpcf7_ak_hp_textarea\" cols=\"45\" rows=\"8\" maxlength=\"100\"><\/textarea><\/label><input type=\"hidden\" id=\"ak_js_1\" name=\"_wpcf7_ak_js\" value=\"229\"\/><script>document.getElementById( \"ak_js_1\" ).setAttribute( \"value\", ( new Date() ).getTime() );<\/script><\/p><div class=\"wpcf7-response-output\" aria-hidden=\"true\"><\/div><\/form><\/div>[\/vc_column][\/vc_row]<\/p>\n","protected":false},"excerpt":{"rendered":"<p>[vc_row css=\u00a0\u00bb.vc_custom_1500285363847{background-image: url(https:\/\/vigidev.fr\/wp-content\/uploads\/2014\/11\/service-cli-2.jpg?id=1974) !important;background-position: center !important;background-repeat: no-repeat !important;background-size: cover !important;}\u00a0\u00bb][vc_column width=\u00a0\u00bb1\/3&Prime;][vc_empty_space height=\u00a0\u00bb15px\u00a0\u00bb][\/vc_column][vc_column width=\u00a0\u00bb1\/3&Prime;][vc_empty_space height=\u00a0\u00bb15px\u00a0\u00bb][vc_column_text]VIGIDEV 3 Avenue du Marais Zone d&rsquo;Activit\u00e9 Les Algorithmes, B\u00e2timent Aristote 95100 Argenteuil Accueil\u00a0: 01 39 47 22 81 Service commercial : 01 39 47 22 81&#8230;<\/p>\n","protected":false},"author":10,"featured_media":0,"parent":0,"menu_order":0,"comment_status":"closed","ping_status":"open","template":"","meta":[],"yoast_head":"<!-- This site is optimized with the Yoast SEO plugin v15.9.2 - https:\/\/yoast.com\/wordpress\/plugins\/seo\/ -->\n<title>Vigidev - Syst\u00e8mes de S\u00fbret\u00e9 - Nous contacter - vigidev.fr<\/title>\n<meta name=\"description\" content=\"Site web vigidev.fr -- Nous COntacter -- Vigidev est un fabricant fran\u00e7ais sp\u00e9cialis\u00e9 dans la s\u00fbret\u00e9. Electronique embarqu\u00e9e - Contr\u00f4le d&#039;acc\u00e8s - Vid\u00e9osurveillance - D\u00e9tection Anti-intrusion - Armoires \u00e0 clefs - Lecture de Plaques.\" \/>\n<meta name=\"robots\" content=\"index, follow, max-snippet:-1, max-image-preview:large, max-video-preview:-1\" \/>\n<link rel=\"canonical\" href=\"https:\/\/vigidev.fr\/?page_id=15\" \/>\n<meta property=\"og:locale\" content=\"fr_FR\" \/>\n<meta property=\"og:type\" content=\"article\" \/>\n<meta property=\"og:title\" content=\"Vigidev - Syst\u00e8mes de S\u00fbret\u00e9 - Nous contacter - vigidev.fr\" \/>\n<meta property=\"og:description\" content=\"Site web vigidev.fr -- Nous COntacter -- Vigidev est un fabricant fran\u00e7ais sp\u00e9cialis\u00e9 dans la s\u00fbret\u00e9. Electronique embarqu\u00e9e - Contr\u00f4le d&#039;acc\u00e8s - Vid\u00e9osurveillance - D\u00e9tection Anti-intrusion - Armoires \u00e0 clefs - Lecture de Plaques.\" \/>\n<meta property=\"og:url\" content=\"https:\/\/vigidev.fr\/?page_id=15\" \/>\n<meta property=\"og:site_name\" content=\"Vigidev veille \u00e0 votre s\u00e9curit\u00e9\" \/>\n<meta property=\"article:modified_time\" content=\"2021-03-17T21:30:14+00:00\" \/>\n<meta property=\"og:image\" content=\"https:\/\/vigidev.fr\/pix\/nouscontacter_argenteuil.jpg\" \/>\n<meta name=\"twitter:card\" content=\"summary_large_image\" \/>\n<meta name=\"twitter:label1\" content=\"Dur\u00e9e de lecture est.\">\n\t<meta name=\"twitter:data1\" content=\"2 minutes\">\n<script type=\"application\/ld+json\" class=\"yoast-schema-graph\">{\"@context\":\"https:\/\/schema.org\",\"@graph\":[{\"@type\":\"Organization\",\"@id\":\"https:\/\/vigidev.fr\/#organization\",\"name\":\"Vigidev\",\"url\":\"https:\/\/vigidev.fr\/\",\"sameAs\":[],\"logo\":{\"@type\":\"ImageObject\",\"@id\":\"https:\/\/vigidev.fr\/#logo\",\"inLanguage\":\"fr-FR\",\"url\":\"https:\/\/vigidev.fr\/wp-content\/uploads\/2017\/11\/cropped-Logo512x512_vigidev.jpg\",\"width\":512,\"height\":512,\"caption\":\"Vigidev\"},\"image\":{\"@id\":\"https:\/\/vigidev.fr\/#logo\"}},{\"@type\":\"WebSite\",\"@id\":\"https:\/\/vigidev.fr\/#website\",\"url\":\"https:\/\/vigidev.fr\/\",\"name\":\"Vigidev veille \\u00e0 votre s\\u00e9curit\\u00e9\",\"description\":\"Cr\\u00e9ateur de syst\\u00e8mes de contr\\u00f4le d&#039;acc\\u00e8s \/ intrusion \/ vid\\u00e9osurveillance\",\"publisher\":{\"@id\":\"https:\/\/vigidev.fr\/#organization\"},\"potentialAction\":[{\"@type\":\"SearchAction\",\"target\":\"https:\/\/vigidev.fr\/?s={search_term_string}\",\"query-input\":\"required name=search_term_string\"}],\"inLanguage\":\"fr-FR\"},{\"@type\":\"ImageObject\",\"@id\":\"https:\/\/vigidev.fr\/?page_id=15#primaryimage\",\"inLanguage\":\"fr-FR\",\"url\":\"https:\/\/vigidev.fr\/pix\/nouscontacter_argenteuil.jpg\"},{\"@type\":\"WebPage\",\"@id\":\"https:\/\/vigidev.fr\/?page_id=15#webpage\",\"url\":\"https:\/\/vigidev.fr\/?page_id=15\",\"name\":\"Vigidev - Syst\\u00e8mes de S\\u00fbret\\u00e9 - Nous contacter - vigidev.fr\",\"isPartOf\":{\"@id\":\"https:\/\/vigidev.fr\/#website\"},\"primaryImageOfPage\":{\"@id\":\"https:\/\/vigidev.fr\/?page_id=15#primaryimage\"},\"datePublished\":\"2014-11-11T11:14:30+00:00\",\"dateModified\":\"2021-03-17T21:30:14+00:00\",\"description\":\"Site web vigidev.fr -- Nous COntacter -- Vigidev est un fabricant fran\\u00e7ais sp\\u00e9cialis\\u00e9 dans la s\\u00fbret\\u00e9. Electronique embarqu\\u00e9e - Contr\\u00f4le d'acc\\u00e8s - Vid\\u00e9osurveillance - D\\u00e9tection Anti-intrusion - Armoires \\u00e0 clefs - Lecture de Plaques.\",\"breadcrumb\":{\"@id\":\"https:\/\/vigidev.fr\/?page_id=15#breadcrumb\"},\"inLanguage\":\"fr-FR\",\"potentialAction\":[{\"@type\":\"ReadAction\",\"target\":[\"https:\/\/vigidev.fr\/?page_id=15\"]}]},{\"@type\":\"BreadcrumbList\",\"@id\":\"https:\/\/vigidev.fr\/?page_id=15#breadcrumb\",\"itemListElement\":[{\"@type\":\"ListItem\",\"position\":1,\"item\":{\"@type\":\"WebPage\",\"@id\":\"https:\/\/vigidev.fr\/\",\"url\":\"https:\/\/vigidev.fr\/\",\"name\":\"Accueil\"}},{\"@type\":\"ListItem\",\"position\":2,\"item\":{\"@type\":\"WebPage\",\"@id\":\"https:\/\/vigidev.fr\/?page_id=15\",\"url\":\"https:\/\/vigidev.fr\/?page_id=15\",\"name\":\"Nous contacter\"}}]}]}<\/script>\n<!-- \/ Yoast SEO plugin. -->","_links":{"self":[{"href":"https:\/\/vigidev.fr\/index.php?rest_route=\/wp\/v2\/pages\/15"}],"collection":[{"href":"https:\/\/vigidev.fr\/index.php?rest_route=\/wp\/v2\/pages"}],"about":[{"href":"https:\/\/vigidev.fr\/index.php?rest_route=\/wp\/v2\/types\/page"}],"author":[{"embeddable":true,"href":"https:\/\/vigidev.fr\/index.php?rest_route=\/wp\/v2\/users\/10"}],"replies":[{"embeddable":true,"href":"https:\/\/vigidev.fr\/index.php?rest_route=%2Fwp%2Fv2%2Fcomments&post=15"}],"version-history":[{"count":50,"href":"https:\/\/vigidev.fr\/index.php?rest_route=\/wp\/v2\/pages\/15\/revisions"}],"predecessor-version":[{"id":3373,"href":"https:\/\/vigidev.fr\/index.php?rest_route=\/wp\/v2\/pages\/15\/revisions\/3373"}],"wp:attachment":[{"href":"https:\/\/vigidev.fr\/index.php?rest_route=%2Fwp%2Fv2%2Fmedia&parent=15"}],"curies":[{"name":"wp","href":"https:\/\/api.w.org\/{rel}","templated":true}]}}