{"id":260,"date":"2014-12-10T07:18:38","date_gmt":"2014-12-10T07:18:38","guid":{"rendered":"http:\/\/anpsthemes.com\/constructo\/?page_id=260"},"modified":"2019-07-29T13:52:05","modified_gmt":"2019-07-29T11:52:05","slug":"logiciel-octopus","status":"publish","type":"page","link":"https:\/\/vigidev.fr\/?page_id=260","title":{"rendered":"Logiciel Octopus"},"content":{"rendered":"<h6>\n&nbsp;<\/h6>\n<h3>Descriptif du logiciel Octopus<\/h3>\n<p>Le logiciel <b>OCTOPUS<\/b> g\u00e8re le contr\u00f4le d\u2019acc\u00e8s, la d\u00e9tection intrusion, la vid\u00e9osurveillance, l\u2019interphonie\/vid\u00e9ophonie, et la GTB (via serveur MODBUS). Il peut \u00eatre install\u00e9 dans n\u2019importe quelle topologie de r\u00e9seaux. Il a \u00e9t\u00e9 d\u00e9velopp\u00e9 pour fonctionner en client\/serveur. Il g\u00e8re le multi-propri\u00e9taires mais aussi le multi-sites.<\/p>\n<p>Le serveur a \u00e9t\u00e9 d\u00e9velopp\u00e9 sous environnement Linux afin de garantir la meilleure fiabilit\u00e9 possible mais il peut aussi s\u2019installer sous Windows ou Macintosh. Les postes clients, eux, peuvent fonctionner sous n\u2019importe quelle version de windows. Octopus fonctionne soit avec la base de donn\u00e9es <b>Firebird<\/b> ou bien <b>Microsoft SQL Server<\/b> ou bien <b>MySql<\/b>.<\/p>\n<p>&nbsp;<\/p>\n<h5>Les caract\u00e9ristiques g\u00e9n\u00e9rales du logiciel OCTOPUS sont :<\/h5>\n<ul>\n<li>Architecture de communication : RS485 ou IP.<\/li>\n<li>D\u00e9filement des \u00e9v\u00e8nements en temps r\u00e9el.<\/li>\n<li>Multilingue : Fran\u00e7ais, Anglais.<\/li>\n<li>Multipostes, Multisoci\u00e9t\u00e9s, Multiservices, Multisites.<\/li>\n<li>Sauvegarde \u00e0 chaud : automatique et param\u00e9trables par soft.<\/li>\n<li>Badge Accompagnant\/Accompagn\u00e9.<\/li>\n<li>D\u00e9lai de transit.<\/li>\n<li>Sc\u00e9narios de crise (plan Vigipirate, gr\u00e8ve).<\/li>\n<li>Lecture\/\u00e9criture badge Mifare avec fonction \u00abindice de perte\u00bb.<\/li>\n<li>Gestion des badges vigik (enr\u00f4lement et encodage).<\/li>\n<li>Int\u00e9gration de plans dynamiques interactifs.<\/li>\n<li>Pilotage CCTV avec enregistreurs DM, Bosch, Axis, TEB etc.<\/li>\n<li>Gestion temps r\u00e9el des pr\u00e9sents\/zone\/groupe.<\/li>\n<li>WEB Octopus : gestion via \u00abIntranet\u00bb.<\/li>\n<li>Exportation de BDD client existante vers la BDD Octopus.<\/li>\n<\/ul>\n","protected":false},"excerpt":{"rendered":"<p>&nbsp; Descriptif du logiciel Octopus Le logiciel OCTOPUS g\u00e8re le contr\u00f4le d\u2019acc\u00e8s, la d\u00e9tection intrusion, la vid\u00e9osurveillance, l\u2019interphonie\/vid\u00e9ophonie, et la GTB (via serveur MODBUS). Il peut \u00eatre install\u00e9 dans n\u2019importe quelle topologie de r\u00e9seaux. Il a \u00e9t\u00e9 d\u00e9velopp\u00e9 pour fonctionner&#8230;<\/p>\n","protected":false},"author":10,"featured_media":0,"parent":0,"menu_order":0,"comment_status":"closed","ping_status":"open","template":"","meta":[],"yoast_head":"<!-- This site is optimized with the Yoast SEO plugin v15.9.2 - https:\/\/yoast.com\/wordpress\/plugins\/seo\/ -->\n<title>Vigidev - Syst\u00e8mes de S\u00fbret\u00e9 - Octopus - vigidev.fr<\/title>\n<meta name=\"description\" content=\"Site web vigidev.fr -- Octopus -- Vigidev est un fabricant fran\u00e7ais sp\u00e9cialis\u00e9 dans la s\u00fbret\u00e9. \u00c9lectronique embarqu\u00e9e - Contr\u00f4le d&#039;acc\u00e8s - Vid\u00e9osurveillance - D\u00e9tection Anti-intrusion - Armoires \u00e0 clefs - Lecture de Plaques.\" \/>\n<meta name=\"robots\" content=\"index, follow, max-snippet:-1, max-image-preview:large, max-video-preview:-1\" \/>\n<link rel=\"canonical\" href=\"https:\/\/vigidev.fr\/?page_id=260\" \/>\n<meta property=\"og:locale\" content=\"fr_FR\" \/>\n<meta property=\"og:type\" content=\"article\" \/>\n<meta property=\"og:title\" content=\"Vigidev - Syst\u00e8mes de S\u00fbret\u00e9 - Octopus - vigidev.fr\" \/>\n<meta property=\"og:description\" content=\"Site web vigidev.fr -- Octopus -- Vigidev est un fabricant fran\u00e7ais sp\u00e9cialis\u00e9 dans la s\u00fbret\u00e9. \u00c9lectronique embarqu\u00e9e - Contr\u00f4le d&#039;acc\u00e8s - Vid\u00e9osurveillance - D\u00e9tection Anti-intrusion - Armoires \u00e0 clefs - Lecture de Plaques.\" \/>\n<meta property=\"og:url\" content=\"https:\/\/vigidev.fr\/?page_id=260\" \/>\n<meta property=\"og:site_name\" content=\"Vigidev veille \u00e0 votre s\u00e9curit\u00e9\" \/>\n<meta property=\"article:modified_time\" content=\"2019-07-29T11:52:05+00:00\" \/>\n<meta name=\"twitter:card\" content=\"summary_large_image\" \/>\n<meta name=\"twitter:label1\" content=\"Dur\u00e9e de lecture est.\">\n\t<meta name=\"twitter:data1\" content=\"1 minute\">\n<script type=\"application\/ld+json\" class=\"yoast-schema-graph\">{\"@context\":\"https:\/\/schema.org\",\"@graph\":[{\"@type\":\"Organization\",\"@id\":\"https:\/\/vigidev.fr\/#organization\",\"name\":\"Vigidev\",\"url\":\"https:\/\/vigidev.fr\/\",\"sameAs\":[],\"logo\":{\"@type\":\"ImageObject\",\"@id\":\"https:\/\/vigidev.fr\/#logo\",\"inLanguage\":\"fr-FR\",\"url\":\"https:\/\/vigidev.fr\/wp-content\/uploads\/2017\/11\/cropped-Logo512x512_vigidev.jpg\",\"width\":512,\"height\":512,\"caption\":\"Vigidev\"},\"image\":{\"@id\":\"https:\/\/vigidev.fr\/#logo\"}},{\"@type\":\"WebSite\",\"@id\":\"https:\/\/vigidev.fr\/#website\",\"url\":\"https:\/\/vigidev.fr\/\",\"name\":\"Vigidev veille \\u00e0 votre s\\u00e9curit\\u00e9\",\"description\":\"Cr\\u00e9ateur de syst\\u00e8mes de contr\\u00f4le d&#039;acc\\u00e8s \/ intrusion \/ vid\\u00e9osurveillance\",\"publisher\":{\"@id\":\"https:\/\/vigidev.fr\/#organization\"},\"potentialAction\":[{\"@type\":\"SearchAction\",\"target\":\"https:\/\/vigidev.fr\/?s={search_term_string}\",\"query-input\":\"required name=search_term_string\"}],\"inLanguage\":\"fr-FR\"},{\"@type\":\"WebPage\",\"@id\":\"https:\/\/vigidev.fr\/?page_id=260#webpage\",\"url\":\"https:\/\/vigidev.fr\/?page_id=260\",\"name\":\"Vigidev - Syst\\u00e8mes de S\\u00fbret\\u00e9 - Octopus - vigidev.fr\",\"isPartOf\":{\"@id\":\"https:\/\/vigidev.fr\/#website\"},\"datePublished\":\"2014-12-10T07:18:38+00:00\",\"dateModified\":\"2019-07-29T11:52:05+00:00\",\"description\":\"Site web vigidev.fr -- Octopus -- Vigidev est un fabricant fran\\u00e7ais sp\\u00e9cialis\\u00e9 dans la s\\u00fbret\\u00e9. \\u00c9lectronique embarqu\\u00e9e - Contr\\u00f4le d'acc\\u00e8s - Vid\\u00e9osurveillance - D\\u00e9tection Anti-intrusion - Armoires \\u00e0 clefs - Lecture de Plaques.\",\"breadcrumb\":{\"@id\":\"https:\/\/vigidev.fr\/?page_id=260#breadcrumb\"},\"inLanguage\":\"fr-FR\",\"potentialAction\":[{\"@type\":\"ReadAction\",\"target\":[\"https:\/\/vigidev.fr\/?page_id=260\"]}]},{\"@type\":\"BreadcrumbList\",\"@id\":\"https:\/\/vigidev.fr\/?page_id=260#breadcrumb\",\"itemListElement\":[{\"@type\":\"ListItem\",\"position\":1,\"item\":{\"@type\":\"WebPage\",\"@id\":\"https:\/\/vigidev.fr\/\",\"url\":\"https:\/\/vigidev.fr\/\",\"name\":\"Accueil\"}},{\"@type\":\"ListItem\",\"position\":2,\"item\":{\"@type\":\"WebPage\",\"@id\":\"https:\/\/vigidev.fr\/?page_id=260\",\"url\":\"https:\/\/vigidev.fr\/?page_id=260\",\"name\":\"Logiciel Octopus\"}}]}]}<\/script>\n<!-- \/ Yoast SEO plugin. -->","_links":{"self":[{"href":"https:\/\/vigidev.fr\/index.php?rest_route=\/wp\/v2\/pages\/260"}],"collection":[{"href":"https:\/\/vigidev.fr\/index.php?rest_route=\/wp\/v2\/pages"}],"about":[{"href":"https:\/\/vigidev.fr\/index.php?rest_route=\/wp\/v2\/types\/page"}],"author":[{"embeddable":true,"href":"https:\/\/vigidev.fr\/index.php?rest_route=\/wp\/v2\/users\/10"}],"replies":[{"embeddable":true,"href":"https:\/\/vigidev.fr\/index.php?rest_route=%2Fwp%2Fv2%2Fcomments&post=260"}],"version-history":[{"count":23,"href":"https:\/\/vigidev.fr\/index.php?rest_route=\/wp\/v2\/pages\/260\/revisions"}],"predecessor-version":[{"id":3284,"href":"https:\/\/vigidev.fr\/index.php?rest_route=\/wp\/v2\/pages\/260\/revisions\/3284"}],"wp:attachment":[{"href":"https:\/\/vigidev.fr\/index.php?rest_route=%2Fwp%2Fv2%2Fmedia&parent=260"}],"curies":[{"name":"wp","href":"https:\/\/api.w.org\/{rel}","templated":true}]}}