{"id":845,"date":"2015-05-27T11:57:54","date_gmt":"2015-05-27T11:57:54","guid":{"rendered":"http:\/\/vigidev.fr\/?page_id=845"},"modified":"2015-08-03T22:33:59","modified_gmt":"2015-08-03T22:33:59","slug":"member-login","status":"publish","type":"page","link":"https:\/\/vigidev.fr\/?page_id=845","title":{"rendered":"Se connecter"},"content":{"rendered":"<p>[wp_eMember_login]<\/p>\n","protected":false},"excerpt":{"rendered":"<p>[wp_eMember_login]<\/p>\n","protected":false},"author":10,"featured_media":0,"parent":0,"menu_order":0,"comment_status":"open","ping_status":"open","template":"","meta":[],"yoast_head":"<!-- This site is optimized with the Yoast SEO plugin v15.9.2 - https:\/\/yoast.com\/wordpress\/plugins\/seo\/ -->\n<title>Se connecter - Vigidev veille \u00e0 votre s\u00e9curit\u00e9 Cr\u00e9ateur de syst\u00e8mes de contr\u00f4le d&#039;acc\u00e8s \/ intrusion \/ vid\u00e9osurveillance<\/title>\n<meta name=\"robots\" content=\"index, follow, max-snippet:-1, max-image-preview:large, max-video-preview:-1\" \/>\n<link rel=\"canonical\" href=\"https:\/\/vigidev.fr\/?page_id=845\" \/>\n<meta property=\"og:locale\" content=\"fr_FR\" \/>\n<meta property=\"og:type\" content=\"article\" \/>\n<meta property=\"og:title\" content=\"Se connecter - Vigidev veille \u00e0 votre s\u00e9curit\u00e9 Cr\u00e9ateur de syst\u00e8mes de contr\u00f4le d&#039;acc\u00e8s \/ intrusion \/ vid\u00e9osurveillance\" \/>\n<meta property=\"og:url\" content=\"https:\/\/vigidev.fr\/?page_id=845\" \/>\n<meta property=\"og:site_name\" content=\"Vigidev veille \u00e0 votre s\u00e9curit\u00e9\" \/>\n<meta property=\"article:modified_time\" content=\"2015-08-03T22:33:59+00:00\" \/>\n<meta name=\"twitter:card\" content=\"summary_large_image\" \/>\n<script type=\"application\/ld+json\" class=\"yoast-schema-graph\">{\"@context\":\"https:\/\/schema.org\",\"@graph\":[{\"@type\":\"Organization\",\"@id\":\"https:\/\/vigidev.fr\/#organization\",\"name\":\"Vigidev\",\"url\":\"https:\/\/vigidev.fr\/\",\"sameAs\":[],\"logo\":{\"@type\":\"ImageObject\",\"@id\":\"https:\/\/vigidev.fr\/#logo\",\"inLanguage\":\"fr-FR\",\"url\":\"https:\/\/vigidev.fr\/wp-content\/uploads\/2017\/11\/cropped-Logo512x512_vigidev.jpg\",\"width\":512,\"height\":512,\"caption\":\"Vigidev\"},\"image\":{\"@id\":\"https:\/\/vigidev.fr\/#logo\"}},{\"@type\":\"WebSite\",\"@id\":\"https:\/\/vigidev.fr\/#website\",\"url\":\"https:\/\/vigidev.fr\/\",\"name\":\"Vigidev veille \\u00e0 votre s\\u00e9curit\\u00e9\",\"description\":\"Cr\\u00e9ateur de syst\\u00e8mes de contr\\u00f4le d&#039;acc\\u00e8s \/ intrusion \/ vid\\u00e9osurveillance\",\"publisher\":{\"@id\":\"https:\/\/vigidev.fr\/#organization\"},\"potentialAction\":[{\"@type\":\"SearchAction\",\"target\":\"https:\/\/vigidev.fr\/?s={search_term_string}\",\"query-input\":\"required name=search_term_string\"}],\"inLanguage\":\"fr-FR\"},{\"@type\":\"WebPage\",\"@id\":\"https:\/\/vigidev.fr\/?page_id=845#webpage\",\"url\":\"https:\/\/vigidev.fr\/?page_id=845\",\"name\":\"Se connecter - Vigidev veille \\u00e0 votre s\\u00e9curit\\u00e9 Cr\\u00e9ateur de syst\\u00e8mes de contr\\u00f4le d&#039;acc\\u00e8s \/ intrusion \/ vid\\u00e9osurveillance\",\"isPartOf\":{\"@id\":\"https:\/\/vigidev.fr\/#website\"},\"datePublished\":\"2015-05-27T11:57:54+00:00\",\"dateModified\":\"2015-08-03T22:33:59+00:00\",\"breadcrumb\":{\"@id\":\"https:\/\/vigidev.fr\/?page_id=845#breadcrumb\"},\"inLanguage\":\"fr-FR\",\"potentialAction\":[{\"@type\":\"ReadAction\",\"target\":[\"https:\/\/vigidev.fr\/?page_id=845\"]}]},{\"@type\":\"BreadcrumbList\",\"@id\":\"https:\/\/vigidev.fr\/?page_id=845#breadcrumb\",\"itemListElement\":[{\"@type\":\"ListItem\",\"position\":1,\"item\":{\"@type\":\"WebPage\",\"@id\":\"https:\/\/vigidev.fr\/\",\"url\":\"https:\/\/vigidev.fr\/\",\"name\":\"Accueil\"}},{\"@type\":\"ListItem\",\"position\":2,\"item\":{\"@type\":\"WebPage\",\"@id\":\"https:\/\/vigidev.fr\/?page_id=845\",\"url\":\"https:\/\/vigidev.fr\/?page_id=845\",\"name\":\"Se connecter\"}}]}]}<\/script>\n<!-- \/ Yoast SEO plugin. -->","_links":{"self":[{"href":"https:\/\/vigidev.fr\/index.php?rest_route=\/wp\/v2\/pages\/845"}],"collection":[{"href":"https:\/\/vigidev.fr\/index.php?rest_route=\/wp\/v2\/pages"}],"about":[{"href":"https:\/\/vigidev.fr\/index.php?rest_route=\/wp\/v2\/types\/page"}],"author":[{"embeddable":true,"href":"https:\/\/vigidev.fr\/index.php?rest_route=\/wp\/v2\/users\/10"}],"replies":[{"embeddable":true,"href":"https:\/\/vigidev.fr\/index.php?rest_route=%2Fwp%2Fv2%2Fcomments&post=845"}],"version-history":[{"count":1,"href":"https:\/\/vigidev.fr\/index.php?rest_route=\/wp\/v2\/pages\/845\/revisions"}],"predecessor-version":[{"id":1313,"href":"https:\/\/vigidev.fr\/index.php?rest_route=\/wp\/v2\/pages\/845\/revisions\/1313"}],"wp:attachment":[{"href":"https:\/\/vigidev.fr\/index.php?rest_route=%2Fwp%2Fv2%2Fmedia&parent=845"}],"curies":[{"name":"wp","href":"https:\/\/api.w.org\/{rel}","templated":true}]}}